
{"id":89,"date":"2013-07-08T10:37:06","date_gmt":"2013-07-08T10:37:06","guid":{"rendered":"http:\/\/ratibor-u-vsetina.knihovna.info\/?page_id=89"},"modified":"2013-11-26T12:47:00","modified_gmt":"2013-11-26T12:47:00","slug":"uvod-2","status":"publish","type":"page","link":"https:\/\/ratibor-u-vsetina.knihovna.info\/","title":{"rendered":"\u00davod"},"content":{"rendered":"<h3 style=\"text-align: left;\"><span style=\"color: #ff6600;\"><strong>V\u00edt\u00e1me V\u00e1s na webu na\u0161\u00ed knihovny v Ratibo\u0159i <\/strong><\/span><\/h3>\n<h3 style=\"text-align: left;\"><span style=\"color: #000000;\"><strong>*** Zveme V\u00e1s k n\u00e1v\u0161t\u011bv\u011b na\u0161\u00ed knihovny *** <\/strong><\/span><\/h3>\n<h3 style=\"text-align: left;\"><span style=\"color: #ff6600;\"><strong>P\u0159ij\u010fte si k n\u00e1m vybrat n\u011bco zaj\u00edmav\u00e9ho ke \u010dten\u00ed, t\u011b\u0161\u00edme se na v\u00e1s !!!<\/strong><\/span><\/h3>\n<h2 style=\"text-align: left;\"><span style=\"color: #00ff00;\">***************************************************<\/span><\/h2>\n<p><span style=\"color: #ff6600;\"><strong><span style=\"color: #ff6600;\"><strong><span style=\"color: #ff6600;\"><strong><span style=\"color: #ff6600;\"><strong><img loading=\"lazy\" decoding=\"async\" class=\"size-medium wp-image-273 aligncenter\" title=\"P1050209\" src=\"http:\/\/ratibor-u-vsetina.knihovna.info\/wp-content\/uploads\/2012\/01\/P1050209-300x225.jpg\" alt=\"Na\u0161e knihovna\" width=\"473\" height=\"354\" srcset=\"https:\/\/ratibor-u-vsetina.knihovna.info\/wp-content\/uploads\/2012\/01\/P1050209-300x225.jpg 300w, https:\/\/ratibor-u-vsetina.knihovna.info\/wp-content\/uploads\/2012\/01\/P1050209-1024x768.jpg 1024w, https:\/\/ratibor-u-vsetina.knihovna.info\/wp-content\/uploads\/2012\/01\/P1050209-400x300.jpg 400w\" sizes=\"auto, (max-width: 473px) 100vw, 473px\" \/><\/strong><\/span><\/strong><\/span><\/strong><\/span><\/strong><\/span><\/p>\n","protected":false},"excerpt":{"rendered":"<p>V\u00edt\u00e1me V\u00e1s na webu na\u0161\u00ed knihovny v Ratibo\u0159i *** Zveme V\u00e1s k n\u00e1v\u0161t\u011bv\u011b na\u0161\u00ed knihovny *** P\u0159ij\u010fte si k n\u00e1m vybrat n\u011bco zaj\u00edmav\u00e9ho ke \u010dten\u00ed, t\u011b\u0161\u00edme se na v\u00e1s !!! ***************************************************<\/p>\n","protected":false},"author":1,"featured_media":0,"parent":0,"menu_order":1,"comment_status":"closed","ping_status":"closed","template":"","meta":{"footnotes":""},"class_list":["post-89","page","type-page","status-publish","hentry"],"_links":{"self":[{"href":"https:\/\/ratibor-u-vsetina.knihovna.info\/index.php?rest_route=\/wp\/v2\/pages\/89","targetHints":{"allow":["GET"]}}],"collection":[{"href":"https:\/\/ratibor-u-vsetina.knihovna.info\/index.php?rest_route=\/wp\/v2\/pages"}],"about":[{"href":"https:\/\/ratibor-u-vsetina.knihovna.info\/index.php?rest_route=\/wp\/v2\/types\/page"}],"author":[{"embeddable":true,"href":"https:\/\/ratibor-u-vsetina.knihovna.info\/index.php?rest_route=\/wp\/v2\/users\/1"}],"replies":[{"embeddable":true,"href":"https:\/\/ratibor-u-vsetina.knihovna.info\/index.php?rest_route=%2Fwp%2Fv2%2Fcomments&post=89"}],"version-history":[{"count":30,"href":"https:\/\/ratibor-u-vsetina.knihovna.info\/index.php?rest_route=\/wp\/v2\/pages\/89\/revisions"}],"predecessor-version":[{"id":337,"href":"https:\/\/ratibor-u-vsetina.knihovna.info\/index.php?rest_route=\/wp\/v2\/pages\/89\/revisions\/337"}],"wp:attachment":[{"href":"https:\/\/ratibor-u-vsetina.knihovna.info\/index.php?rest_route=%2Fwp%2Fv2%2Fmedia&parent=89"}],"curies":[{"name":"wp","href":"https:\/\/api.w.org\/{rel}","templated":true}]}}