
{"id":283,"date":"2013-10-15T07:14:16","date_gmt":"2013-10-15T07:14:16","guid":{"rendered":"http:\/\/ratibor-u-vsetina.knihovna.info\/?page_id=283"},"modified":"2013-10-15T10:54:12","modified_gmt":"2013-10-15T10:54:12","slug":"zkouska","status":"publish","type":"page","link":"https:\/\/ratibor-u-vsetina.knihovna.info\/?page_id=283","title":{"rendered":"Fotogalerie"},"content":{"rendered":"<p><a href=\"http:\/\/ratibor-u-vsetina.knihovna.info\/wp-content\/uploads\/2013\/10\/Foto_E_Hodikova_NKP_7271u.jpg\">P\u0159ed\u00e1n\u00ed ocen\u011bn\u00ed za podporu d\u011btsk\u00e9ho \u010dten\u00e1\u0159stv\u00ed. Slavnost se konala v Praze Klementinu. <img loading=\"lazy\" decoding=\"async\" class=\"aligncenter size-medium wp-image-301\" title=\"Foto_E_Hodikova_NKP_7271u\" src=\"http:\/\/ratibor-u-vsetina.knihovna.info\/wp-content\/uploads\/2013\/10\/Foto_E_Hodikova_NKP_7271u-300x198.jpg\" alt=\"\" width=\"300\" height=\"198\" srcset=\"https:\/\/ratibor-u-vsetina.knihovna.info\/wp-content\/uploads\/2013\/10\/Foto_E_Hodikova_NKP_7271u-300x198.jpg 300w, https:\/\/ratibor-u-vsetina.knihovna.info\/wp-content\/uploads\/2013\/10\/Foto_E_Hodikova_NKP_7271u-453x300.jpg 453w, https:\/\/ratibor-u-vsetina.knihovna.info\/wp-content\/uploads\/2013\/10\/Foto_E_Hodikova_NKP_7271u.jpg 1000w\" sizes=\"auto, (max-width: 300px) 100vw, 300px\" \/><\/a><\/p>\n<p>&nbsp;<\/p>\n","protected":false},"excerpt":{"rendered":"<p>P\u0159ed\u00e1n\u00ed ocen\u011bn\u00ed za podporu d\u011btsk\u00e9ho \u010dten\u00e1\u0159stv\u00ed. Slavnost se konala v Praze Klementinu. &nbsp;<\/p>\n","protected":false},"author":1,"featured_media":0,"parent":0,"menu_order":0,"comment_status":"closed","ping_status":"closed","template":"","meta":{"footnotes":""},"class_list":["post-283","page","type-page","status-publish","hentry"],"_links":{"self":[{"href":"https:\/\/ratibor-u-vsetina.knihovna.info\/index.php?rest_route=\/wp\/v2\/pages\/283","targetHints":{"allow":["GET"]}}],"collection":[{"href":"https:\/\/ratibor-u-vsetina.knihovna.info\/index.php?rest_route=\/wp\/v2\/pages"}],"about":[{"href":"https:\/\/ratibor-u-vsetina.knihovna.info\/index.php?rest_route=\/wp\/v2\/types\/page"}],"author":[{"embeddable":true,"href":"https:\/\/ratibor-u-vsetina.knihovna.info\/index.php?rest_route=\/wp\/v2\/users\/1"}],"replies":[{"embeddable":true,"href":"https:\/\/ratibor-u-vsetina.knihovna.info\/index.php?rest_route=%2Fwp%2Fv2%2Fcomments&post=283"}],"version-history":[{"count":11,"href":"https:\/\/ratibor-u-vsetina.knihovna.info\/index.php?rest_route=\/wp\/v2\/pages\/283\/revisions"}],"predecessor-version":[{"id":299,"href":"https:\/\/ratibor-u-vsetina.knihovna.info\/index.php?rest_route=\/wp\/v2\/pages\/283\/revisions\/299"}],"wp:attachment":[{"href":"https:\/\/ratibor-u-vsetina.knihovna.info\/index.php?rest_route=%2Fwp%2Fv2%2Fmedia&parent=283"}],"curies":[{"name":"wp","href":"https:\/\/api.w.org\/{rel}","templated":true}]}}