
{"id":20,"date":"2012-01-10T19:53:39","date_gmt":"2012-01-10T19:53:39","guid":{"rendered":"http:\/\/ratibor-u-vsetina.knihovna.info\/?page_id=20"},"modified":"2013-09-10T08:31:22","modified_gmt":"2013-09-10T08:31:22","slug":"o-nas","status":"publish","type":"page","link":"https:\/\/ratibor-u-vsetina.knihovna.info\/?page_id=20","title":{"rendered":"O n\u00e1s"},"content":{"rendered":"<p style=\"text-align: center;\">\u00a0<span style=\"color: #ff6600;\"><strong>Obecn\u00ed knihovna v Ratibo\u0159i<\/strong><\/span> se nach\u00e1z\u00ed na &#8222;star\u00e9 fa\u0159e&#8220; u z\u00e1kladn\u00ed \u0161koly.<\/p>\n<p style=\"text-align: center;\">Byla zalo\u017eena v roce 1921 a n\u011bkolikr\u00e1t se st\u011bhovala, a\u017e\u00a0 nakonec na\u0161la z\u00e1zem\u00ed v t\u00e9to budov\u011b, kterou ur\u010dit\u011b na\u0161e star\u0161\u00ed generace je\u0161t\u011b pamatuje jako \u0161kolu.<\/p>\n<p style=\"text-align: center;\">I kdy\u017e jsou prostory mal\u00e9, sna\u017e\u00edme se, aby slu\u017eby a nab\u00eddka knih byla co nejlep\u0161\u00ed.<\/p>\n<p style=\"text-align: center;\"><span style=\"color: #ff6600;\">Jsme neprofesion\u00e1ln\u00ed knihovna a na\u0161im z\u0159izovatelem je<\/span> <a href=\"http:\/\/www.ratibor.cz\/\" target=\"_blank\">Obec Ratibo\u0159<\/a><a href=\"http:\/\/ratibor-u-vsetina.knihovna.info\/wp-content\/uploads\/2012\/01\/P1050209.jpg\"><img loading=\"lazy\" decoding=\"async\" class=\"aligncenter size-medium wp-image-273\" title=\"P1050209\" src=\"http:\/\/ratibor-u-vsetina.knihovna.info\/wp-content\/uploads\/2012\/01\/P1050209-300x225.jpg\" alt=\"\" width=\"300\" height=\"225\" srcset=\"https:\/\/ratibor-u-vsetina.knihovna.info\/wp-content\/uploads\/2012\/01\/P1050209-300x225.jpg 300w, https:\/\/ratibor-u-vsetina.knihovna.info\/wp-content\/uploads\/2012\/01\/P1050209-1024x768.jpg 1024w, https:\/\/ratibor-u-vsetina.knihovna.info\/wp-content\/uploads\/2012\/01\/P1050209-400x300.jpg 400w\" sizes=\"auto, (max-width: 300px) 100vw, 300px\" \/><\/a><\/p>\n<p><a href=\"http:\/\/ratibor-u-vsetina.knihovna.info\/wp-content\/uploads\/2012\/01\/P1050210.jpg\"><img loading=\"lazy\" decoding=\"async\" class=\"aligncenter size-medium wp-image-268\" title=\"P1050210\" src=\"http:\/\/ratibor-u-vsetina.knihovna.info\/wp-content\/uploads\/2012\/01\/P1050210-300x225.jpg\" alt=\"\" width=\"300\" height=\"225\" srcset=\"https:\/\/ratibor-u-vsetina.knihovna.info\/wp-content\/uploads\/2012\/01\/P1050210-300x225.jpg 300w, https:\/\/ratibor-u-vsetina.knihovna.info\/wp-content\/uploads\/2012\/01\/P1050210-1024x768.jpg 1024w, https:\/\/ratibor-u-vsetina.knihovna.info\/wp-content\/uploads\/2012\/01\/P1050210-400x300.jpg 400w\" sizes=\"auto, (max-width: 300px) 100vw, 300px\" \/><\/a><a href=\"http:\/\/ratibor-u-vsetina.knihovna.info\/wp-content\/uploads\/2012\/01\/P5160996.jpg\"><img loading=\"lazy\" decoding=\"async\" class=\"aligncenter size-medium wp-image-187\" title=\"OLYMPUS DIGITAL CAMERA\" src=\"http:\/\/ratibor-u-vsetina.knihovna.info\/wp-content\/uploads\/2012\/01\/P5160996-300x225.jpg\" alt=\"\" width=\"300\" height=\"225\" srcset=\"https:\/\/ratibor-u-vsetina.knihovna.info\/wp-content\/uploads\/2012\/01\/P5160996-300x225.jpg 300w, https:\/\/ratibor-u-vsetina.knihovna.info\/wp-content\/uploads\/2012\/01\/P5160996-1024x768.jpg 1024w, https:\/\/ratibor-u-vsetina.knihovna.info\/wp-content\/uploads\/2012\/01\/P5160996-400x300.jpg 400w\" sizes=\"auto, (max-width: 300px) 100vw, 300px\" \/><\/a><\/p>\n","protected":false},"excerpt":{"rendered":"<p>\u00a0Obecn\u00ed knihovna v Ratibo\u0159i se nach\u00e1z\u00ed na &#8222;star\u00e9 fa\u0159e&#8220; u z\u00e1kladn\u00ed \u0161koly. Byla zalo\u017eena v roce 1921 a n\u011bkolikr\u00e1t se st\u011bhovala, a\u017e\u00a0 nakonec na\u0161la z\u00e1zem\u00ed v t\u00e9to budov\u011b, kterou ur\u010dit\u011b na\u0161e star\u0161\u00ed generace je\u0161t\u011b pamatuje jako \u0161kolu. I kdy\u017e jsou prostory mal\u00e9, sna\u017e\u00edme se, aby slu\u017eby a nab\u00eddka knih byla co nejlep\u0161\u00ed. Jsme neprofesion\u00e1ln\u00ed knihovna [&hellip;]<\/p>\n","protected":false},"author":1,"featured_media":0,"parent":0,"menu_order":2,"comment_status":"closed","ping_status":"closed","template":"","meta":{"footnotes":""},"class_list":["post-20","page","type-page","status-publish","hentry"],"_links":{"self":[{"href":"https:\/\/ratibor-u-vsetina.knihovna.info\/index.php?rest_route=\/wp\/v2\/pages\/20","targetHints":{"allow":["GET"]}}],"collection":[{"href":"https:\/\/ratibor-u-vsetina.knihovna.info\/index.php?rest_route=\/wp\/v2\/pages"}],"about":[{"href":"https:\/\/ratibor-u-vsetina.knihovna.info\/index.php?rest_route=\/wp\/v2\/types\/page"}],"author":[{"embeddable":true,"href":"https:\/\/ratibor-u-vsetina.knihovna.info\/index.php?rest_route=\/wp\/v2\/users\/1"}],"replies":[{"embeddable":true,"href":"https:\/\/ratibor-u-vsetina.knihovna.info\/index.php?rest_route=%2Fwp%2Fv2%2Fcomments&post=20"}],"version-history":[{"count":13,"href":"https:\/\/ratibor-u-vsetina.knihovna.info\/index.php?rest_route=\/wp\/v2\/pages\/20\/revisions"}],"predecessor-version":[{"id":274,"href":"https:\/\/ratibor-u-vsetina.knihovna.info\/index.php?rest_route=\/wp\/v2\/pages\/20\/revisions\/274"}],"wp:attachment":[{"href":"https:\/\/ratibor-u-vsetina.knihovna.info\/index.php?rest_route=%2Fwp%2Fv2%2Fmedia&parent=20"}],"curies":[{"name":"wp","href":"https:\/\/api.w.org\/{rel}","templated":true}]}}