
{"id":173,"date":"2013-07-08T12:22:26","date_gmt":"2013-07-08T12:22:26","guid":{"rendered":"http:\/\/ratibor-u-vsetina.knihovna.info\/?page_id=173"},"modified":"2013-11-26T12:48:39","modified_gmt":"2013-11-26T12:48:39","slug":"provozni-doba","status":"publish","type":"page","link":"https:\/\/ratibor-u-vsetina.knihovna.info\/?page_id=173","title":{"rendered":"Provozn\u00ed doba"},"content":{"rendered":"<h3 style=\"text-align: center;\">T\u011b\u0161\u00edme se na v\u00e1s v\u017edy v<\/h3>\n<h3 style=\"text-align: center;\"><span style=\"color: #ff6600;\">pond\u011bl\u00ed 16:00 &#8211; 18:30<\/span><\/h3>\n<h3 style=\"text-align: center;\">a ve<\/h3>\n<h3 style=\"text-align: center;\">\u00a0<strong><span style=\"color: #ff6600;\">st\u0159edu 16:00 &#8211; 18:30<\/span><\/strong><\/h3>\n","protected":false},"excerpt":{"rendered":"<p>T\u011b\u0161\u00edme se na v\u00e1s v\u017edy v pond\u011bl\u00ed 16:00 &#8211; 18:30 a ve \u00a0st\u0159edu 16:00 &#8211; 18:30<\/p>\n","protected":false},"author":1,"featured_media":0,"parent":0,"menu_order":0,"comment_status":"closed","ping_status":"closed","template":"","meta":{"footnotes":""},"class_list":["post-173","page","type-page","status-publish","hentry"],"_links":{"self":[{"href":"https:\/\/ratibor-u-vsetina.knihovna.info\/index.php?rest_route=\/wp\/v2\/pages\/173","targetHints":{"allow":["GET"]}}],"collection":[{"href":"https:\/\/ratibor-u-vsetina.knihovna.info\/index.php?rest_route=\/wp\/v2\/pages"}],"about":[{"href":"https:\/\/ratibor-u-vsetina.knihovna.info\/index.php?rest_route=\/wp\/v2\/types\/page"}],"author":[{"embeddable":true,"href":"https:\/\/ratibor-u-vsetina.knihovna.info\/index.php?rest_route=\/wp\/v2\/users\/1"}],"replies":[{"embeddable":true,"href":"https:\/\/ratibor-u-vsetina.knihovna.info\/index.php?rest_route=%2Fwp%2Fv2%2Fcomments&post=173"}],"version-history":[{"count":7,"href":"https:\/\/ratibor-u-vsetina.knihovna.info\/index.php?rest_route=\/wp\/v2\/pages\/173\/revisions"}],"predecessor-version":[{"id":341,"href":"https:\/\/ratibor-u-vsetina.knihovna.info\/index.php?rest_route=\/wp\/v2\/pages\/173\/revisions\/341"}],"wp:attachment":[{"href":"https:\/\/ratibor-u-vsetina.knihovna.info\/index.php?rest_route=%2Fwp%2Fv2%2Fmedia&parent=173"}],"curies":[{"name":"wp","href":"https:\/\/api.w.org\/{rel}","templated":true}]}}