
{"id":141,"date":"2013-07-08T11:44:07","date_gmt":"2013-07-08T11:44:07","guid":{"rendered":"http:\/\/ratibor-u-vsetina.knihovna.info\/?page_id=141"},"modified":"2017-05-22T08:36:21","modified_gmt":"2017-05-22T08:36:21","slug":"on-line-katalog","status":"publish","type":"page","link":"https:\/\/ratibor-u-vsetina.knihovna.info\/?page_id=141","title":{"rendered":"On-line katalog"},"content":{"rendered":"<p><span style=\"font-size: medium; color: #ff6600;\"><strong>Zde najdete katalog knih, kter\u00e9 najdete v na\u0161\u00ed knihovn\u011b: <\/strong><\/span><\/p>\n<h1><span style=\"font-size: small; color: #0000ff;\"><a href=\"http:\/\/katalog.mvk.cz\/\" target=\"_blank\" rel=\"noopener noreferrer\"><span style=\"color: #0000ff;\">KATALOG KNIH<\/span><\/a><a href=\"http:\/\/katalog.mvk.cz\/katalog\/index.php?typ=N&amp;lang=cze&amp;vyhl=V&amp;rejst=R&amp;sezn=S\" target=\"_blank\" rel=\"noopener noreferrer\"><span style=\"color: #0000ff;\"><br \/>\n<\/span><\/a><\/span><\/h1>\n<p><span style=\"font-size: small;\">Po kliknut\u00ed na v\u00fd\u0161e uveden\u00fd odkaz se v\u00e1m zobraz\u00ed souborn\u00fd katalog\u00a0Masarykovy ve\u0159ejn\u00e9 knihovny Vset\u00edn <\/span><\/p>\n<p><span style=\"font-size: small;\">Do nab\u00eddnut\u00e9ho \u0159\u00e1dku<\/span><span style=\"font-size: small;\"><span style=\"font-size: small;\"> zad\u00e1te:<\/span><\/span><\/p>\n<p><span style=\"font-size: small;\"><span style=\"font-size: small;\">&#8211; <span style=\"text-decoration: underline;\">n\u00e1zev nebo \u010d\u00e1st n\u00e1zvu hledan\u00e9 knihy<\/span> &#8211; v\u00fdsledkem hled\u00e1n\u00ed budou v\u0161echny knihy se zvolen\u00fdm zad\u00e1n\u00edm. <\/span><\/span><\/p>\n<p><span style=\"font-size: small;\"><span style=\"font-size: small;\"><span style=\"color: #ffcc99;\"><strong><span style=\"color: #ff6600;\"><span style=\"color: #000000;\">Po kliknut\u00ed na vybranou knihu\u00a0se zobraz\u00ed z\u00e1znam o knize<\/span> &#8211; po kliknut\u00ed na odr\u00e1\u017eku <span style=\"color: #000000;\">DOSTUPNOST<\/span> a v kolonce <span style=\"color: #000000;\">UM\u00cdST\u011aN\u00cd <span style=\"color: #ff6600;\">zjist\u00edte<\/span><\/span><\/span> <\/strong><\/span><\/span><\/span><span style=\"font-size: small;\"><span style=\"font-size: small;\"><span style=\"color: #ffcc99;\"><strong><span style=\"color: #ff6600;\">zda hledanou knihu m\u00e1me v na\u0161em knihovn\u00edm fondu <\/span><\/strong><\/span><\/span><\/span><\/p>\n<p><span style=\"font-size: small;\"><span style=\"font-size: small;\"><span style=\"color: #ffcc99;\"><span style=\"color: #ff6600;\"><span style=\"color: #000000;\">( a v kter\u00fdch ostatn\u00edch knihovn\u00e1ch je dostupn\u00e1)<\/span><\/span><strong><span style=\"color: #ff6600;\"><br \/>\n<\/span><\/strong><\/span><\/span><\/span><\/p>\n<p><span style=\"font-size: small;\"><span style=\"font-size: small;\">Vyhled\u00e1vat dokument m\u016f\u017eete i zad\u00e1n\u00edm v\u00edce krit\u00e9rii\u00ed v kolonce <strong>vyhled\u00e1v\u00e1n\u00ed<\/strong><\/span><\/span><\/p>\n","protected":false},"excerpt":{"rendered":"<p>Zde najdete katalog knih, kter\u00e9 najdete v na\u0161\u00ed knihovn\u011b: KATALOG KNIH Po kliknut\u00ed na v\u00fd\u0161e uveden\u00fd odkaz se v\u00e1m zobraz\u00ed souborn\u00fd katalog\u00a0Masarykovy ve\u0159ejn\u00e9 knihovny Vset\u00edn Do nab\u00eddnut\u00e9ho \u0159\u00e1dku zad\u00e1te: &#8211; n\u00e1zev nebo \u010d\u00e1st n\u00e1zvu hledan\u00e9 knihy &#8211; v\u00fdsledkem hled\u00e1n\u00ed budou v\u0161echny knihy se zvolen\u00fdm zad\u00e1n\u00edm. Po kliknut\u00ed na vybranou knihu\u00a0se zobraz\u00ed z\u00e1znam o knize &#8211; [&hellip;]<\/p>\n","protected":false},"author":1,"featured_media":0,"parent":0,"menu_order":0,"comment_status":"closed","ping_status":"closed","template":"","meta":{"footnotes":""},"class_list":["post-141","page","type-page","status-publish","hentry"],"_links":{"self":[{"href":"https:\/\/ratibor-u-vsetina.knihovna.info\/index.php?rest_route=\/wp\/v2\/pages\/141","targetHints":{"allow":["GET"]}}],"collection":[{"href":"https:\/\/ratibor-u-vsetina.knihovna.info\/index.php?rest_route=\/wp\/v2\/pages"}],"about":[{"href":"https:\/\/ratibor-u-vsetina.knihovna.info\/index.php?rest_route=\/wp\/v2\/types\/page"}],"author":[{"embeddable":true,"href":"https:\/\/ratibor-u-vsetina.knihovna.info\/index.php?rest_route=\/wp\/v2\/users\/1"}],"replies":[{"embeddable":true,"href":"https:\/\/ratibor-u-vsetina.knihovna.info\/index.php?rest_route=%2Fwp%2Fv2%2Fcomments&post=141"}],"version-history":[{"count":13,"href":"https:\/\/ratibor-u-vsetina.knihovna.info\/index.php?rest_route=\/wp\/v2\/pages\/141\/revisions"}],"predecessor-version":[{"id":434,"href":"https:\/\/ratibor-u-vsetina.knihovna.info\/index.php?rest_route=\/wp\/v2\/pages\/141\/revisions\/434"}],"wp:attachment":[{"href":"https:\/\/ratibor-u-vsetina.knihovna.info\/index.php?rest_route=%2Fwp%2Fv2%2Fmedia&parent=141"}],"curies":[{"name":"wp","href":"https:\/\/api.w.org\/{rel}","templated":true}]}}