
{"id":140,"date":"2013-07-08T11:42:51","date_gmt":"2013-07-08T11:42:51","guid":{"rendered":"http:\/\/ratibor-u-vsetina.knihovna.info\/?page_id=140"},"modified":"2013-07-09T06:45:17","modified_gmt":"2013-07-09T06:45:17","slug":"odebirane-casopisy","status":"publish","type":"page","link":"https:\/\/ratibor-u-vsetina.knihovna.info\/?page_id=140","title":{"rendered":"Odeb\u00edran\u00e9 \u010dasopisy"},"content":{"rendered":"<p style=\"text-align: center;\">Pravideln\u011b odeb\u00edr\u00e1me tyto \u010dasopisy:<\/p>\n<p>\u00a0\u00a0\u00a0\u00a0\u00a0\u00a0\u00a0\u00a0\u00a0\u00a0\u00a0<strong>\u00a0 <span style=\"color: #ff6600;\">Kv\u011bty\u00a0\u00a0\u00a0\u00a0<\/span>\u00a0\u00a0\u00a0\u00a0\u00a0\u00a0\u00a0\u00a0\u00a0\u00a0\u00a0\u00a0\u00a0\u00a0\u00a0\u00a0\u00a0\u00a0\u00a0\u00a0\u00a0\u00a0\u00a0\u00a0\u00a0\u00a0\u00a0\u00a0\u00a0\u00a0\u00a0\u00a0\u00a0\u00a0\u00a0\u00a0\u00a0\u00a0\u00a0\u00a0\u00a0\u00a0\u00a0 \u00a0<span style=\"color: #ff6600;\"> \u00a0 \u00a0 \u00a0 \u00a0 \u00a0 \u00a0 \u00a0 \u00a0 \u00a0 ABC<\/span><\/strong><span style=\"color: #ff6600;\"><br \/>\n<\/span><\/p>\n<p><img loading=\"lazy\" decoding=\"async\" id=\"irc_mi\" src=\"http:\/\/cms.tvujdum.cz\/userdata\/images\/35962vk47.jpg\" alt=\"\" width=\"178\" height=\"231\" \/><img loading=\"lazy\" decoding=\"async\" id=\"irc_mi\" class=\"alignright\" src=\"http:\/\/img.ihned.cz\/attachment.php\/560\/30128560\/aiv35CDE7GHLMNO6Pbfghprxyz0w2Vmn\/ABC_5-11.jpg\" alt=\"\" width=\"162\" height=\"222\" \/><\/p>\n<p style=\"text-align: center;\">a pro na\u0161e nejmen\u0161\u00ed \u010dasopis <strong><span style=\"color: #ff6600;\">Slun\u00ed\u010dko<\/span><\/strong><\/p>\n<p><img loading=\"lazy\" decoding=\"async\" class=\"aligncenter\" src=\"http:\/\/www.dama.cz\/2012\/3\/slunko.jpg\" alt=\"\" width=\"201\" height=\"238\" \/><\/p>\n","protected":false},"excerpt":{"rendered":"<p>Pravideln\u011b odeb\u00edr\u00e1me tyto \u010dasopisy: \u00a0\u00a0\u00a0\u00a0\u00a0\u00a0\u00a0\u00a0\u00a0\u00a0\u00a0\u00a0 Kv\u011bty\u00a0\u00a0\u00a0\u00a0\u00a0\u00a0\u00a0\u00a0\u00a0\u00a0\u00a0\u00a0\u00a0\u00a0\u00a0\u00a0\u00a0\u00a0\u00a0\u00a0\u00a0\u00a0\u00a0\u00a0\u00a0\u00a0\u00a0\u00a0\u00a0\u00a0\u00a0\u00a0\u00a0\u00a0\u00a0\u00a0\u00a0\u00a0\u00a0\u00a0\u00a0\u00a0\u00a0\u00a0\u00a0\u00a0\u00a0 \u00a0 \u00a0 \u00a0 \u00a0 \u00a0 \u00a0 \u00a0 \u00a0 \u00a0 \u00a0 ABC a pro na\u0161e nejmen\u0161\u00ed \u010dasopis Slun\u00ed\u010dko<\/p>\n","protected":false},"author":1,"featured_media":0,"parent":0,"menu_order":0,"comment_status":"closed","ping_status":"closed","template":"","meta":{"footnotes":""},"class_list":["post-140","page","type-page","status-publish","hentry"],"_links":{"self":[{"href":"https:\/\/ratibor-u-vsetina.knihovna.info\/index.php?rest_route=\/wp\/v2\/pages\/140","targetHints":{"allow":["GET"]}}],"collection":[{"href":"https:\/\/ratibor-u-vsetina.knihovna.info\/index.php?rest_route=\/wp\/v2\/pages"}],"about":[{"href":"https:\/\/ratibor-u-vsetina.knihovna.info\/index.php?rest_route=\/wp\/v2\/types\/page"}],"author":[{"embeddable":true,"href":"https:\/\/ratibor-u-vsetina.knihovna.info\/index.php?rest_route=\/wp\/v2\/users\/1"}],"replies":[{"embeddable":true,"href":"https:\/\/ratibor-u-vsetina.knihovna.info\/index.php?rest_route=%2Fwp%2Fv2%2Fcomments&post=140"}],"version-history":[{"count":10,"href":"https:\/\/ratibor-u-vsetina.knihovna.info\/index.php?rest_route=\/wp\/v2\/pages\/140\/revisions"}],"predecessor-version":[{"id":203,"href":"https:\/\/ratibor-u-vsetina.knihovna.info\/index.php?rest_route=\/wp\/v2\/pages\/140\/revisions\/203"}],"wp:attachment":[{"href":"https:\/\/ratibor-u-vsetina.knihovna.info\/index.php?rest_route=%2Fwp%2Fv2%2Fmedia&parent=140"}],"curies":[{"name":"wp","href":"https:\/\/api.w.org\/{rel}","templated":true}]}}