
{"id":137,"date":"2013-07-08T11:41:18","date_gmt":"2013-07-08T11:41:18","guid":{"rendered":"http:\/\/ratibor-u-vsetina.knihovna.info\/?page_id=137"},"modified":"2013-07-11T06:25:10","modified_gmt":"2013-07-11T06:25:10","slug":"knihovni-rad-2","status":"publish","type":"page","link":"https:\/\/ratibor-u-vsetina.knihovna.info\/?page_id=137","title":{"rendered":"Knihovn\u00ed \u0159\u00e1d"},"content":{"rendered":"<h1><span style=\"color: #ff6600;\"><strong>V\u00fdtah z knihovn\u00edho \u0159\u00e1du<\/strong><\/span><\/h1>\n<p><strong>Registrace u\u017eivatele<\/strong><\/p>\n<ul>\n<li>U\u017eivatelem knihovny a jej\u00edch slu\u017eeb se m\u016f\u017ee st\u00e1t ka\u017ed\u00fd, kdo se sv\u00fdm podpisem na p\u0159ihl\u00e1\u0161ce zav\u00e1\u017ee dodr\u017eovat knihovn\u00ed \u0159\u00e1d knihovny.<\/li>\n<li>P\u0159i z\u00e1pisu u\u017eivatel p\u0159edlo\u017e\u00ed sv\u016fj platn\u00fd pr\u016fkaz toto\u017enosti, za d\u011bti do 15 let nesou zodpov\u011bdnost rodi\u010de nebo z\u00e1konn\u00fd z\u00e1stupce.<\/li>\n<li>Pr\u016fkaz, kter\u00fd u\u017eivatel obdr\u017e\u00ed po podeps\u00e1n\u00ed p\u0159ihl\u00e1\u0161ky, je jeho doklad pro styk s knihovnou. Jeho ztr\u00e1tu je t\u0159eba neprodlen\u011b nahl\u00e1sit knihovn\u011b.<\/li>\n<li>Se z\u00edskan\u00fdmi osobn\u00edmi \u00fadaji u\u017eivatel\u016f knihovna nakl\u00e1d\u00e1 dle Z\u00e1kona \u010d. 101\/2000 Sb., o ochran\u011b osobn\u00edch \u00fadaj\u016f. Jakoukoliv zm\u011bnu \u00fadaj\u016f je t\u0159eba v\u017edy nahl\u00e1sit knihovn\u011b.<\/li>\n<li>Ve\u0161ker\u00e9 finan\u010dn\u00ed \u010d\u00e1stky (registra\u010dn\u00ed, manipula\u010dn\u00ed poplatky, poplatky za slu\u017eby, sank\u010dn\u00ed poplatky apod.) jsou knihovnou \u00fa\u010dtov\u00e1ny podle stanoven\u00ed v knihovn\u00edm \u0159\u00e1du a ve v\u00fd\u0161i stanoven\u00e9 cen\u00edkem. Knihovna je opr\u00e1vn\u011bna odm\u00edtnout poskytnut\u00ed slu\u017eby u\u017eivateli, kter\u00fd opakovan\u011b poru\u0161uje ustanoven\u00ed knihovn\u00edho \u0159\u00e1du, nevhodn\u00fdm chov\u00e1n\u00edm naru\u0161uje provoz knihovny nebo zp\u016fsobil knihovn\u011b \u0161kodu, kterou neuhradil.<\/li>\n<\/ul>\n<p><strong>\u00a0V\u00fdp\u016fj\u010dn\u00ed slu\u017eba<\/strong><\/p>\n<ul>\n<li><strong>V\u00fdp\u016fj\u010dn\u00ed lh\u016fta je v na\u0161\u00ed knihovn\u011b 1 m\u011bs\u00edc<\/strong>. Po uplynut\u00ed v\u00fdp\u016fj\u010dn\u00ed lh\u016fty je mo\u017en\u00e9 si v\u00fdp\u016fj\u010dku prodlou\u017eit, ne\u017e\u00e1d\u00e1-li ji jin\u00fd u\u017eivatel.<\/li>\n<li>U\u017eivatel m\u00e1 mo\u017enost po\u017e\u00e1dat o meziknihovn\u00ed v\u00fdp\u016fj\u010dn\u00ed slu\u017ebu v p\u0159\u00edpad\u011b, \u017ee dokument nenalezl ve fondu knihovny.<\/li>\n<li>P\u0159i nedodr\u017een\u00ed v\u00fdp\u016fj\u010dn\u00edho lh\u016fty jsou na u\u017eivateli vym\u00e1h\u00e1ny sank\u010dn\u00ed poplatky ( dle cen\u00edku).<\/li>\n<li>U\u017eivatel je povinen vr\u00e1tit vyp\u016fj\u010den\u00fd dokument v\u00a0takov\u00e9m stavu, v\u00a0jak\u00e9m si jej vyp\u016fj\u010dil. Jak\u00e9koli po\u0161kozen\u00ed \u010di ztr\u00e1tu je povinen knihovn\u011b uhradit.<\/li>\n<\/ul>\n<p><strong>P\u0159\u00edstup na Internet<\/strong><\/p>\n<ul>\n<li>U\u017eivatel je povinen sezn\u00e1mit se s provozn\u00edm \u0159\u00e1dem pro pr\u00e1ci s Internetem, \u0159\u00eddit se jeho ustanoven\u00edmi a db\u00e1t pokyn\u016f knihovn\u00edka.<\/li>\n<li>Pr\u00e1ce v s\u00edti Internet je bezplatn\u00e1.<\/li>\n<li>Knihovna nen\u00ed zodpov\u011bdn\u00e1 za obsah soubor\u016f a informac\u00ed nalezen\u00fdch na Internetu.<\/li>\n<li>U\u017eivatel nesm\u00ed vyhled\u00e1vat, prohl\u00ed\u017eet a nahr\u00e1vat materi\u00e1ly obsahu pornografick\u00e9ho a propaguj\u00edc\u00edho rasismus, materi\u00e1ly n\u00e1bo\u017eensky a n\u00e1rodnostn\u011b ur\u00e1\u017eej\u00edc\u00ed, podn\u011bcuj\u00edc\u00ed k n\u00e1sil\u00ed nebo k u\u017e\u00edv\u00e1n\u00ed drog a v\u0161echny dal\u0161\u00ed materi\u00e1ly, kter\u00e9 jsou v rozporu se z\u00e1konem.<\/li>\n<li>N\u00e1klady, kter\u00e9 vzniknou nedodr\u017een\u00edm pravidel stanoven\u00fdch provozn\u00edm \u0159\u00e1dem pro pr\u00e1ci s Internetem, je u\u017eivatel povinen uhradit.<\/li>\n<li>U\u017eivatel mus\u00ed respektovat soukrom\u00ed ostatn\u00edch u\u017eivatel\u016f.<\/li>\n<\/ul>\n<p><span style=\"color: #ff6600;\"><strong>\u00dapln\u00e9 zn\u011bn\u00ed knihovn\u00edho \u0159\u00e1du a provozn\u00edho \u0159\u00e1du pro pr\u00e1ci s Internetem v\u00e1m na po\u017e\u00e1d\u00e1n\u00ed poskytneme v knihovn\u011b.<\/strong><\/span><\/p>\n","protected":false},"excerpt":{"rendered":"<p>V\u00fdtah z knihovn\u00edho \u0159\u00e1du Registrace u\u017eivatele U\u017eivatelem knihovny a jej\u00edch slu\u017eeb se m\u016f\u017ee st\u00e1t ka\u017ed\u00fd, kdo se sv\u00fdm podpisem na p\u0159ihl\u00e1\u0161ce zav\u00e1\u017ee dodr\u017eovat knihovn\u00ed \u0159\u00e1d knihovny. P\u0159i z\u00e1pisu u\u017eivatel p\u0159edlo\u017e\u00ed sv\u016fj platn\u00fd pr\u016fkaz toto\u017enosti, za d\u011bti do 15 let nesou zodpov\u011bdnost rodi\u010de nebo z\u00e1konn\u00fd z\u00e1stupce. Pr\u016fkaz, kter\u00fd u\u017eivatel obdr\u017e\u00ed po podeps\u00e1n\u00ed p\u0159ihl\u00e1\u0161ky, je jeho doklad [&hellip;]<\/p>\n","protected":false},"author":1,"featured_media":0,"parent":0,"menu_order":0,"comment_status":"closed","ping_status":"closed","template":"","meta":{"footnotes":""},"class_list":["post-137","page","type-page","status-publish","hentry"],"_links":{"self":[{"href":"https:\/\/ratibor-u-vsetina.knihovna.info\/index.php?rest_route=\/wp\/v2\/pages\/137","targetHints":{"allow":["GET"]}}],"collection":[{"href":"https:\/\/ratibor-u-vsetina.knihovna.info\/index.php?rest_route=\/wp\/v2\/pages"}],"about":[{"href":"https:\/\/ratibor-u-vsetina.knihovna.info\/index.php?rest_route=\/wp\/v2\/types\/page"}],"author":[{"embeddable":true,"href":"https:\/\/ratibor-u-vsetina.knihovna.info\/index.php?rest_route=\/wp\/v2\/users\/1"}],"replies":[{"embeddable":true,"href":"https:\/\/ratibor-u-vsetina.knihovna.info\/index.php?rest_route=%2Fwp%2Fv2%2Fcomments&post=137"}],"version-history":[{"count":10,"href":"https:\/\/ratibor-u-vsetina.knihovna.info\/index.php?rest_route=\/wp\/v2\/pages\/137\/revisions"}],"predecessor-version":[{"id":249,"href":"https:\/\/ratibor-u-vsetina.knihovna.info\/index.php?rest_route=\/wp\/v2\/pages\/137\/revisions\/249"}],"wp:attachment":[{"href":"https:\/\/ratibor-u-vsetina.knihovna.info\/index.php?rest_route=%2Fwp%2Fv2%2Fmedia&parent=137"}],"curies":[{"name":"wp","href":"https:\/\/api.w.org\/{rel}","templated":true}]}}