
{"id":134,"date":"2013-07-08T11:40:50","date_gmt":"2013-07-08T11:40:50","guid":{"rendered":"http:\/\/ratibor-u-vsetina.knihovna.info\/?page_id=134"},"modified":"2017-02-07T13:03:42","modified_gmt":"2017-02-07T13:03:42","slug":"vymenne-soubory","status":"publish","type":"page","link":"https:\/\/ratibor-u-vsetina.knihovna.info\/?page_id=134","title":{"rendered":"V\u00fdm\u011bnn\u00e9 soubory"},"content":{"rendered":"<p>V knihovn\u011b je mo\u017enost vyp\u016fj\u010dit si knihy ze t\u0159\u00ed <strong><span style=\"color: #ff6600;\">v\u00fdm\u011bnn\u00fdch soubor\u016f knih<\/span><\/strong>, kter\u00e9 byly zakoupeny z prost\u0159edk\u016f Zl\u00ednsk\u00e9ho kraje. V\u00fdm\u011bnn\u00e9 soubory z\u016fst\u00e1vaj\u00ed \u010dten\u00e1\u0159\u016fm k dispozici v\u017edy na jeden rok.<\/p>\n<p>Prvn\u00ed soubor knih, tzv. <strong><span style=\"color: #ffcc00;\">zimn\u00ed <\/span><span style=\"color: #ff0000;\"><span style=\"color: #000000;\">(<\/span> <span style=\"color: #ffcc00;\">ozna\u010den\u00fd \u017elut\u00fdm prou\u017ekem<\/span><span style=\"color: #000000;\">)\u00a0<\/span><\/span><\/strong> obdr\u017e\u00edme do knihovny v\u017edy za\u010d\u00e1tkem roku.<\/p>\n<p>Seznam knih zde:\u00a0 <a href=\"http:\/\/ratibor-u-vsetina.knihovna.info\/?attachment_id=427\" rel=\"attachment wp-att-427\">CI &#8211; 2017 &#8211; zluty <\/a><\/p>\n<p>Druh\u00fd soubor knih, tzv. <span style=\"color: #ff0000;\"><strong>jarn\u00ed <span style=\"color: #000000;\">(<\/span> ozna\u010den\u00fd \u010derven\u00fdm prou\u017ekem<span style=\"color: #000000;\">)\u00a0<\/span><\/strong><\/span> obdr\u017e\u00edme z Masarykovy ve\u0159ejn\u00e9 knihovny ve Vset\u00edn\u011b v\u017edy v m\u011bs\u00edci kv\u011btnu.<\/p>\n<p>Seznam knih zde: <a href=\"http:\/\/ratibor-u-vsetina.knihovna.info\/wp-content\/uploads\/2013\/07\/CI-2015-\u010derven\u00fd-Ratibo\u0159.pdf\">CI &#8211; 2015 &#8211; \u010derven\u00fd &#8211; Ratibo\u0159<\/a><\/p>\n<p>T\u0159et\u00ed soubor knih, tzv. <span style=\"color: #0000ff;\"><strong>podzimn\u00ed <span style=\"color: #000000;\">( <span style=\"color: #0000ff;\">ozna\u010den\u00fd modr\u00fdm prou\u017ekem<\/span>) <\/span><\/strong><\/span>m\u011bn\u00edme v listopadu.<\/p>\n<p>Seznam knih zde: <a href=\"http:\/\/ratibor-u-vsetina.knihovna.info\/wp-content\/uploads\/2013\/07\/CI-2015-modry-Ratibor.pdf\">CI 2015 &#8211; modry &#8211; Ratibor<\/a><\/p>\n<p><a href=\"http:\/\/ratibor-u-vsetina.knihovna.info\/wp-content\/uploads\/2013\/07\/Fotografie0196.jpg\"><img loading=\"lazy\" decoding=\"async\" class=\"aligncenter size-medium wp-image-206\" title=\"Fotografie0196\" src=\"http:\/\/ratibor-u-vsetina.knihovna.info\/wp-content\/uploads\/2013\/07\/Fotografie0196-300x225.jpg\" alt=\"\" width=\"273\" height=\"208\" \/><\/a><\/p>\n","protected":false},"excerpt":{"rendered":"<p>V knihovn\u011b je mo\u017enost vyp\u016fj\u010dit si knihy ze t\u0159\u00ed v\u00fdm\u011bnn\u00fdch soubor\u016f knih, kter\u00e9 byly zakoupeny z prost\u0159edk\u016f Zl\u00ednsk\u00e9ho kraje. V\u00fdm\u011bnn\u00e9 soubory z\u016fst\u00e1vaj\u00ed \u010dten\u00e1\u0159\u016fm k dispozici v\u017edy na jeden rok. Prvn\u00ed soubor knih, tzv. zimn\u00ed ( ozna\u010den\u00fd \u017elut\u00fdm prou\u017ekem)\u00a0 obdr\u017e\u00edme do knihovny v\u017edy za\u010d\u00e1tkem roku. Seznam knih zde:\u00a0 CI &#8211; 2017 &#8211; zluty Druh\u00fd soubor knih, [&hellip;]<\/p>\n","protected":false},"author":1,"featured_media":0,"parent":0,"menu_order":0,"comment_status":"closed","ping_status":"closed","template":"","meta":{"footnotes":""},"class_list":["post-134","page","type-page","status-publish","hentry"],"_links":{"self":[{"href":"https:\/\/ratibor-u-vsetina.knihovna.info\/index.php?rest_route=\/wp\/v2\/pages\/134","targetHints":{"allow":["GET"]}}],"collection":[{"href":"https:\/\/ratibor-u-vsetina.knihovna.info\/index.php?rest_route=\/wp\/v2\/pages"}],"about":[{"href":"https:\/\/ratibor-u-vsetina.knihovna.info\/index.php?rest_route=\/wp\/v2\/types\/page"}],"author":[{"embeddable":true,"href":"https:\/\/ratibor-u-vsetina.knihovna.info\/index.php?rest_route=\/wp\/v2\/users\/1"}],"replies":[{"embeddable":true,"href":"https:\/\/ratibor-u-vsetina.knihovna.info\/index.php?rest_route=%2Fwp%2Fv2%2Fcomments&post=134"}],"version-history":[{"count":19,"href":"https:\/\/ratibor-u-vsetina.knihovna.info\/index.php?rest_route=\/wp\/v2\/pages\/134\/revisions"}],"predecessor-version":[{"id":431,"href":"https:\/\/ratibor-u-vsetina.knihovna.info\/index.php?rest_route=\/wp\/v2\/pages\/134\/revisions\/431"}],"wp:attachment":[{"href":"https:\/\/ratibor-u-vsetina.knihovna.info\/index.php?rest_route=%2Fwp%2Fv2%2Fmedia&parent=134"}],"curies":[{"name":"wp","href":"https:\/\/api.w.org\/{rel}","templated":true}]}}