
{"id":115,"date":"2013-07-08T11:24:42","date_gmt":"2013-07-08T11:24:42","guid":{"rendered":"http:\/\/ratibor-u-vsetina.knihovna.info\/?page_id=115"},"modified":"2013-07-09T17:51:55","modified_gmt":"2013-07-09T17:51:55","slug":"sluzby","status":"publish","type":"page","link":"https:\/\/ratibor-u-vsetina.knihovna.info\/?page_id=115","title":{"rendered":"Slu\u017eby"},"content":{"rendered":"<p><span style=\"color: #00ff00;\"><strong>Mil\u00ed n\u00e1v\u0161t\u011bvn\u00edci, nab\u00edz\u00edme V\u00e1m p\u0159edev\u0161\u00edm tyto slu\u017eby:<\/strong><\/span><\/p>\n<ul>\n<li><span style=\"color: #ff6600;\"><strong>V\u00fdp\u016fj\u010dn\u00ed slu\u017eby<\/strong><\/span> zajist\u00edme v\u00e1m neomezen\u00fd p\u0159\u00edsun \u010detby p\u0159esn\u011b podle Va\u0161eho vkusu a n\u00e1lady. B\u00e1je\u010dn\u00e1 v\u011bc. Pohodln\u00e1 a praktick\u00e1. Celoro\u010dn\u00ed registra\u010dn\u00ed poplatek je ni\u017e\u0161\u00ed ne\u017e b\u011b\u017en\u00e1 cena, kterou byste zaplatili za jedinou knihu v knihkupectv\u00ed. Nav\u00edc po uplynut\u00ed v\u00fdp\u016fj\u010dn\u00ed doby se V\u00e1m doma op\u011bt uvoln\u00ed m\u00edsto pro dal\u0161\u00ed zaj\u00edmav\u00e9 kn\u00ed\u017eky!<\/li>\n<li><span style=\"color: #ff6600;\"><strong>Beletrie, nau\u010dn\u00e1 literatura, \u010dasopisy<\/strong><\/span>\u00a0 \u2013 vyb\u00edrat m\u016f\u017eete z 4 087 svazk\u016f knih. Najdete zde beletrii i literaturu nau\u010dnou. Pravideln\u011b odeb\u00edr\u00e1me do knihovny \u010dasopisy.<\/li>\n<li>P\u016fj\u010dov\u00e1n\u00ed knih z<strong> <span style=\"color: #ff6600;\">v\u00fdm\u011bnn\u00fdch soubor\u016f<\/span><\/strong><\/li>\n<li><span style=\"color: #ff6600;\"><strong>Meziknihovn\u00ed v\u00fdp\u016fj\u010dn\u00ed slu\u017eby<\/strong><\/span> za\u0159\u00edd\u00ed, \u017ee se k V\u00e1m dostane cokoliv zrovna pot\u0159ebujete. Pokud jste nena\u0161li u n\u00e1s, objedn\u00e1me odjinud!<\/li>\n<li><span style=\"color: #ff6600;\"><strong>P\u0159\u00edstup k Internetu je zdar<\/strong><strong>m<\/strong><strong>a<\/strong>.<\/span> Jsme V\u00e1m k dispozici, kdy\u017e si nev\u00edte rady!<\/li>\n<\/ul>\n<p><img loading=\"lazy\" decoding=\"async\" class=\"aligncenter\" src=\"http:\/\/krekov.knihovna.info\/admin\/img\/355\/verejny_internet_logo.gif\" alt=\"\" width=\"124\" height=\"147\" \/><\/p>\n<ul>\n<li><span style=\"color: #ff6600;\"><strong>Informa\u010dn\u00ed slu\u017eby <\/strong><\/span>&#8211; Zodpov\u00edd\u00e1me Va\u0161e dotazy<\/li>\n<\/ul>\n","protected":false},"excerpt":{"rendered":"<p>Mil\u00ed n\u00e1v\u0161t\u011bvn\u00edci, nab\u00edz\u00edme V\u00e1m p\u0159edev\u0161\u00edm tyto slu\u017eby: V\u00fdp\u016fj\u010dn\u00ed slu\u017eby zajist\u00edme v\u00e1m neomezen\u00fd p\u0159\u00edsun \u010detby p\u0159esn\u011b podle Va\u0161eho vkusu a n\u00e1lady. B\u00e1je\u010dn\u00e1 v\u011bc. Pohodln\u00e1 a praktick\u00e1. Celoro\u010dn\u00ed registra\u010dn\u00ed poplatek je ni\u017e\u0161\u00ed ne\u017e b\u011b\u017en\u00e1 cena, kterou byste zaplatili za jedinou knihu v knihkupectv\u00ed. Nav\u00edc po uplynut\u00ed v\u00fdp\u016fj\u010dn\u00ed doby se V\u00e1m doma op\u011bt uvoln\u00ed m\u00edsto pro dal\u0161\u00ed zaj\u00edmav\u00e9 [&hellip;]<\/p>\n","protected":false},"author":1,"featured_media":0,"parent":0,"menu_order":0,"comment_status":"closed","ping_status":"closed","template":"","meta":{"footnotes":""},"class_list":["post-115","page","type-page","status-publish","hentry"],"_links":{"self":[{"href":"https:\/\/ratibor-u-vsetina.knihovna.info\/index.php?rest_route=\/wp\/v2\/pages\/115","targetHints":{"allow":["GET"]}}],"collection":[{"href":"https:\/\/ratibor-u-vsetina.knihovna.info\/index.php?rest_route=\/wp\/v2\/pages"}],"about":[{"href":"https:\/\/ratibor-u-vsetina.knihovna.info\/index.php?rest_route=\/wp\/v2\/types\/page"}],"author":[{"embeddable":true,"href":"https:\/\/ratibor-u-vsetina.knihovna.info\/index.php?rest_route=\/wp\/v2\/users\/1"}],"replies":[{"embeddable":true,"href":"https:\/\/ratibor-u-vsetina.knihovna.info\/index.php?rest_route=%2Fwp%2Fv2%2Fcomments&post=115"}],"version-history":[{"count":8,"href":"https:\/\/ratibor-u-vsetina.knihovna.info\/index.php?rest_route=\/wp\/v2\/pages\/115\/revisions"}],"predecessor-version":[{"id":219,"href":"https:\/\/ratibor-u-vsetina.knihovna.info\/index.php?rest_route=\/wp\/v2\/pages\/115\/revisions\/219"}],"wp:attachment":[{"href":"https:\/\/ratibor-u-vsetina.knihovna.info\/index.php?rest_route=%2Fwp%2Fv2%2Fmedia&parent=115"}],"curies":[{"name":"wp","href":"https:\/\/api.w.org\/{rel}","templated":true}]}}